{"id":698,"date":"2021-08-20T08:42:21","date_gmt":"2021-08-20T08:42:21","guid":{"rendered":"http:\/\/psqbauu.cluster026.hosting.ovh.net\/index.php\/produkt\/postcard-v6\/"},"modified":"2025-11-12T18:00:48","modified_gmt":"2025-11-12T18:00:48","slug":"postcard-v6","status":"publish","type":"product","link":"https:\/\/pasjemojejmamy.pl\/index.php\/produkt\/postcard-v6\/","title":{"rendered":"Dziwny Anio\u0142"},"content":{"rendered":"<p class=\"\\&quot;ProductDescription-attributeHeader\\&quot;\">Ta rze\u017aba-dekoracja przedstawiaj\u0105ca &#8222;Dziwnego anio\u0142a&#8221; to niezwyk\u0142e dzie\u0142o sztuki, kt\u00f3re przyci\u0105ga uwag\u0119 swoj\u0105 oryginalno\u015bci\u0105 i niezwyk\u0142o\u015bci\u0105. Ka\u017cdy element tej rze\u017aby zosta\u0142 wylepiony i formowany r\u0119cznie, co nadaje mu niepowtarzalny charakter i autentyczno\u015b\u0107.<br \/>\nAnio\u0142\u00a0 szkliwiony w naturalnych kolorach oraz odcieniach b\u0142\u0119kitu i turkusu, jakby wy\u0142ania\u0142 si\u0119 z morskiej toni, tworz\u0105c fascynuj\u0105cy obraz, kt\u00f3ry przykuwa uwag\u0119 i wzbudza emocje.<br \/>\nJego wysoko\u015b\u0107 wynosi 36 cm, a szeroko\u015b\u0107-d\u0142ugo\u015b\u0107 to oko\u0142o 21 x 17 cm, co sprawia, \u017ce ta rze\u017aba-dekoracja doskonale sprawdzi si\u0119 jako efektowny element wystroju wn\u0119trza, przyci\u0105gaj\u0105c wzrok i dodaj\u0105c pomieszczeniu niezwyk\u0142ego charakteru i stylu.<br \/>\nNiech ta rze\u017aba-dekoracja lampionu przedstawiaj\u0105ca &#8222;Dziwnego anio\u0142a&#8221; przynosi Ci rado\u015b\u0107 i zachwyt, podkre\u015blaj\u0105c jednocze\u015bnie Twoj\u0105 wyrafinowan\u0105 estetyk\u0119 i indywidualny gust.<\/p>\n","protected":false},"excerpt":{"rendered":"<p>Rze\u017aba, dekoracja lampion. Wylepiany, formowany r\u0119cznie, szkliwiony. Wysoko\u015b\u0107 36 cm\u00a0\u00a0\u00a0\u00a0\u00a0\u00a0 szeroko\u015b\u0107-d\u0142ugo\u015b\u0107 21 x 17 cm<\/p>\n","protected":false},"featured_media":1493,"comment_status":"open","ping_status":"closed","template":"","meta":{"site-sidebar-layout":"default","site-content-layout":"default","ast-global-header-display":"","ast-banner-title-visibility":"","ast-main-header-display":"","ast-hfb-above-header-display":"","ast-hfb-below-header-display":"","ast-hfb-mobile-header-display":"","site-post-title":"","ast-breadcrumbs-content":"","ast-featured-img":"","footer-sml-layout":"","theme-transparent-header-meta":"default","adv-header-id-meta":"","stick-header-meta":"","header-above-stick-meta":"","header-main-stick-meta":"","header-below-stick-meta":""},"product_brand":[],"product_cat":[22,26],"product_tag":[28,41,30],"class_list":{"0":"post-698","1":"product","2":"type-product","3":"status-publish","4":"has-post-thumbnail","6":"product_cat-ceramika","7":"product_cat-rzezby","8":"product_tag-ceramika","9":"product_tag-lampion","10":"product_tag-rzezba","11":"desktop-align-left","12":"tablet-align-left","13":"mobile-align-left","15":"first","16":"instock","17":"sold-individually","18":"taxable","19":"shipping-taxable","20":"purchasable","21":"product-type-simple"},"jetpack_sharing_enabled":true,"_links":{"self":[{"href":"https:\/\/pasjemojejmamy.pl\/index.php\/wp-json\/wp\/v2\/product\/698","targetHints":{"allow":["GET"]}}],"collection":[{"href":"https:\/\/pasjemojejmamy.pl\/index.php\/wp-json\/wp\/v2\/product"}],"about":[{"href":"https:\/\/pasjemojejmamy.pl\/index.php\/wp-json\/wp\/v2\/types\/product"}],"replies":[{"embeddable":true,"href":"https:\/\/pasjemojejmamy.pl\/index.php\/wp-json\/wp\/v2\/comments?post=698"}],"wp:featuredmedia":[{"embeddable":true,"href":"https:\/\/pasjemojejmamy.pl\/index.php\/wp-json\/wp\/v2\/media\/1493"}],"wp:attachment":[{"href":"https:\/\/pasjemojejmamy.pl\/index.php\/wp-json\/wp\/v2\/media?parent=698"}],"wp:term":[{"taxonomy":"product_brand","embeddable":true,"href":"https:\/\/pasjemojejmamy.pl\/index.php\/wp-json\/wp\/v2\/product_brand?post=698"},{"taxonomy":"product_cat","embeddable":true,"href":"https:\/\/pasjemojejmamy.pl\/index.php\/wp-json\/wp\/v2\/product_cat?post=698"},{"taxonomy":"product_tag","embeddable":true,"href":"https:\/\/pasjemojejmamy.pl\/index.php\/wp-json\/wp\/v2\/product_tag?post=698"}],"curies":[{"name":"wp","href":"https:\/\/api.w.org\/{rel}","templated":true}]}}