{"id":1879,"date":"2024-06-12T22:14:59","date_gmt":"2024-06-12T22:14:59","guid":{"rendered":"https:\/\/pasjemojejmamy.pl\/?post_type=product&#038;p=1879"},"modified":"2024-06-12T22:19:32","modified_gmt":"2024-06-12T22:19:32","slug":"pojemnik-krowka","status":"publish","type":"product","link":"https:\/\/pasjemojejmamy.pl\/index.php\/produkt\/pojemnik-krowka\/","title":{"rendered":"Pojemnik Kr\u00f3wka"},"content":{"rendered":"<p>Ceramiczne naczynie , dekoracja, os\u0142onka na doniczk\u0119, miska do rob\u00f3tek r\u0119cznych. Kr\u00f3wka \u0142aciata.<br \/>\nWylepiana, formowane r\u0119cznie Szkliwiona. Wymiary 27x 19 cm, wysoko\u015b\u0107 ok. 21 cm.<\/p>\n<p>&nbsp;<\/p>\n","protected":false},"excerpt":{"rendered":"<p>Naczynie zosta\u0142o wykonane w kolorach ecru i br\u0105zu, co nadaje mu naturalnego, subtelnie eleganckiego wygl\u0105du, kt\u00f3ry doskonale komponuje si\u0119 z r\u00f3\u017cnymi stylami wn\u0119trzarskimi. Jego wysoko\u015b\u0107 wynosi oko\u0142o 21 cm, a szeroko\u015b\u0107-d\u0142ugo\u015b\u0107 oko\u0142o 27 x 19 cm.<\/p>\n","protected":false},"featured_media":1880,"comment_status":"open","ping_status":"closed","template":"","meta":{"site-sidebar-layout":"default","site-content-layout":"default","ast-global-header-display":"","ast-banner-title-visibility":"","ast-main-header-display":"","ast-hfb-above-header-display":"","ast-hfb-below-header-display":"","ast-hfb-mobile-header-display":"","site-post-title":"","ast-breadcrumbs-content":"","ast-featured-img":"","footer-sml-layout":"","theme-transparent-header-meta":"default","adv-header-id-meta":"","stick-header-meta":"","header-above-stick-meta":"","header-main-stick-meta":"","header-below-stick-meta":""},"product_brand":[],"product_cat":[22,24,25,26],"product_tag":[28,34,29,36,35],"class_list":{"0":"post-1879","1":"product","2":"type-product","3":"status-publish","4":"has-post-thumbnail","6":"product_cat-ceramika","7":"product_cat-figurki","8":"product_cat-pojemniki","9":"product_cat-rzezby","10":"product_tag-ceramika","11":"product_tag-mak","12":"product_tag-misa","13":"product_tag-naczynie","14":"product_tag-pojemnik","15":"desktop-align-left","16":"tablet-align-left","17":"mobile-align-left","19":"first","20":"instock","21":"sold-individually","22":"taxable","23":"shipping-taxable","24":"purchasable","25":"product-type-simple"},"jetpack_sharing_enabled":true,"_links":{"self":[{"href":"https:\/\/pasjemojejmamy.pl\/index.php\/wp-json\/wp\/v2\/product\/1879","targetHints":{"allow":["GET"]}}],"collection":[{"href":"https:\/\/pasjemojejmamy.pl\/index.php\/wp-json\/wp\/v2\/product"}],"about":[{"href":"https:\/\/pasjemojejmamy.pl\/index.php\/wp-json\/wp\/v2\/types\/product"}],"replies":[{"embeddable":true,"href":"https:\/\/pasjemojejmamy.pl\/index.php\/wp-json\/wp\/v2\/comments?post=1879"}],"wp:featuredmedia":[{"embeddable":true,"href":"https:\/\/pasjemojejmamy.pl\/index.php\/wp-json\/wp\/v2\/media\/1880"}],"wp:attachment":[{"href":"https:\/\/pasjemojejmamy.pl\/index.php\/wp-json\/wp\/v2\/media?parent=1879"}],"wp:term":[{"taxonomy":"product_brand","embeddable":true,"href":"https:\/\/pasjemojejmamy.pl\/index.php\/wp-json\/wp\/v2\/product_brand?post=1879"},{"taxonomy":"product_cat","embeddable":true,"href":"https:\/\/pasjemojejmamy.pl\/index.php\/wp-json\/wp\/v2\/product_cat?post=1879"},{"taxonomy":"product_tag","embeddable":true,"href":"https:\/\/pasjemojejmamy.pl\/index.php\/wp-json\/wp\/v2\/product_tag?post=1879"}],"curies":[{"name":"wp","href":"https:\/\/api.w.org\/{rel}","templated":true}]}}