{"id":1878,"date":"2024-06-12T22:08:09","date_gmt":"2024-06-12T22:08:09","guid":{"rendered":"https:\/\/pasjemojejmamy.pl\/?post_type=product&#038;p=1878"},"modified":"2024-06-12T22:10:27","modified_gmt":"2024-06-12T22:10:27","slug":"patera-ryba3","status":"publish","type":"product","link":"https:\/\/pasjemojejmamy.pl\/index.php\/produkt\/patera-ryba3\/","title":{"rendered":"Patera Ryba3"},"content":{"rendered":"<p>Ta patera to prawdziwie niezwyk\u0142e dzie\u0142o sztuki ceramicznej. Jej niepowtarzalny kszta\u0142t oraz intensywne\u00a0 kolory sprawiaj\u0105, \u017ce stanowi wyj\u0105tkow\u0105 dekoracj\u0119.<br \/>\nWykonana zosta\u0142a r\u0119cznie, co nadaje jej osobisty charakter, szkliwienie nadaje jej po\u0142ysk i trwa\u0142o\u015b\u0107, podkre\u015blaj\u0105c jednocze\u015bnie intensywno\u015b\u0107 kolor\u00f3w.<br \/>\nZ wysoko\u015bci\u0105 14 cm i szeroko\u015bci\u0105-d\u0142ugo\u015bci\u0105 oko\u0142o 24 x 40 cm, ta patera doskonale sprawdzi si\u0119 jako elegancki element na stole lub komodzie, dodaj\u0105c wn\u0119trzu \u015bwie\u017co\u015bci i stylu. Niech ta niezwyk\u0142a patera przyci\u0105ga uwag\u0119 i dodaje uroku ka\u017cdemu pomieszczeniu.<\/p>\n","protected":false},"excerpt":{"rendered":"<p>Ceramiczne naczynie , dekoracja, w kolorach oceanu. Patera, miska, rze\u017aba.<br \/>\nWylepiana, formowana r\u0119cznie Szkliwiona. Wymiary: wysoko\u015b\u0107 Ok.14 cm, szeroko\u015b\u0107 Ok. 24 cm d\u0142ugo\u015b\u0107 40 cm.<\/p>\n<p>&nbsp;<\/p>\n","protected":false},"featured_media":1875,"comment_status":"open","ping_status":"closed","template":"","meta":{"site-sidebar-layout":"default","site-content-layout":"default","ast-global-header-display":"","ast-banner-title-visibility":"","ast-main-header-display":"","ast-hfb-above-header-display":"","ast-hfb-below-header-display":"","ast-hfb-mobile-header-display":"","site-post-title":"","ast-breadcrumbs-content":"","ast-featured-img":"","footer-sml-layout":"","theme-transparent-header-meta":"default","adv-header-id-meta":"","stick-header-meta":"","header-above-stick-meta":"","header-main-stick-meta":"","header-below-stick-meta":""},"product_brand":[],"product_cat":[22,24,23,26],"product_tag":[28,29,33,31,30,32],"class_list":{"0":"post-1878","1":"product","2":"type-product","3":"status-publish","4":"has-post-thumbnail","6":"product_cat-ceramika","7":"product_cat-figurki","8":"product_cat-patery","9":"product_cat-rzezby","10":"product_tag-ceramika","11":"product_tag-misa","12":"product_tag-miska","13":"product_tag-patera","14":"product_tag-rzezba","15":"product_tag-zielona","16":"desktop-align-left","17":"tablet-align-left","18":"mobile-align-left","20":"first","21":"instock","22":"sold-individually","23":"taxable","24":"shipping-taxable","25":"purchasable","26":"product-type-simple"},"jetpack_sharing_enabled":true,"_links":{"self":[{"href":"https:\/\/pasjemojejmamy.pl\/index.php\/wp-json\/wp\/v2\/product\/1878","targetHints":{"allow":["GET"]}}],"collection":[{"href":"https:\/\/pasjemojejmamy.pl\/index.php\/wp-json\/wp\/v2\/product"}],"about":[{"href":"https:\/\/pasjemojejmamy.pl\/index.php\/wp-json\/wp\/v2\/types\/product"}],"replies":[{"embeddable":true,"href":"https:\/\/pasjemojejmamy.pl\/index.php\/wp-json\/wp\/v2\/comments?post=1878"}],"wp:featuredmedia":[{"embeddable":true,"href":"https:\/\/pasjemojejmamy.pl\/index.php\/wp-json\/wp\/v2\/media\/1875"}],"wp:attachment":[{"href":"https:\/\/pasjemojejmamy.pl\/index.php\/wp-json\/wp\/v2\/media?parent=1878"}],"wp:term":[{"taxonomy":"product_brand","embeddable":true,"href":"https:\/\/pasjemojejmamy.pl\/index.php\/wp-json\/wp\/v2\/product_brand?post=1878"},{"taxonomy":"product_cat","embeddable":true,"href":"https:\/\/pasjemojejmamy.pl\/index.php\/wp-json\/wp\/v2\/product_cat?post=1878"},{"taxonomy":"product_tag","embeddable":true,"href":"https:\/\/pasjemojejmamy.pl\/index.php\/wp-json\/wp\/v2\/product_tag?post=1878"}],"curies":[{"name":"wp","href":"https:\/\/api.w.org\/{rel}","templated":true}]}}