{"id":1851,"date":"2024-06-12T21:37:51","date_gmt":"2024-06-12T21:37:51","guid":{"rendered":"https:\/\/pasjemojejmamy.pl\/?post_type=product&#038;p=1851"},"modified":"2024-06-12T21:58:03","modified_gmt":"2024-06-12T21:58:03","slug":"pojemnik-ceramiczny-jablko","status":"publish","type":"product","link":"https:\/\/pasjemojejmamy.pl\/index.php\/produkt\/pojemnik-ceramiczny-jablko\/","title":{"rendered":"Podstawki ceramiczne -Jab\u0142ka"},"content":{"rendered":"<p>Ceramiczne naczynia o kszta\u0142cie po\u0142\u00f3wki jab\u0142ek. Idealnie nadaje si\u0119 jako pojemnik patera na r\u00f3\u017cnego rodzaju drobniejsze przedmioty.<\/p>\n<p>Naczynie zosta\u0142o wykonane w kolorach \u017c\u00f3\u0142tego, czerwieni i zieleni, co nadaje mu naturalnego wygl\u0105du, kt\u00f3ry doskonale komponuje si\u0119 z r\u00f3\u017cnymi stylami wn\u0119trzarskimi. Wylepiane, formowane r\u0119cznie szkliwione. Wymiary 27 x 22 cm i 24 cm x 19 cm, wysoko\u015b\u0107 ok. 8 cm.<\/p>\n<p>&nbsp;<\/p>\n","protected":false},"excerpt":{"rendered":"<p>Naczynie zosta\u0142o wykonane w kolorach \u017c\u00f3\u0142tego, czerwieni i zieleni, co nadaje mu naturalnego wygl\u0105du, kt\u00f3ry doskonale komponuje si\u0119 z r\u00f3\u017cnymi stylami wn\u0119trzarskimi. Wylepiane, formowane r\u0119cznie szkliwione. Wymiary 27 x 22 cm i 24 cm x 19 cm, wysoko\u015b\u0107 ok. 8 cm.<\/p>\n<p>&nbsp;<\/p>\n","protected":false},"featured_media":1861,"comment_status":"open","ping_status":"closed","template":"","meta":{"site-sidebar-layout":"default","site-content-layout":"default","ast-global-header-display":"","ast-banner-title-visibility":"","ast-main-header-display":"","ast-hfb-above-header-display":"","ast-hfb-below-header-display":"","ast-hfb-mobile-header-display":"","site-post-title":"","ast-breadcrumbs-content":"","ast-featured-img":"","footer-sml-layout":"","theme-transparent-header-meta":"default","adv-header-id-meta":"","stick-header-meta":"","header-above-stick-meta":"","header-main-stick-meta":"","header-below-stick-meta":""},"product_brand":[],"product_cat":[22,23,25],"product_tag":[28,34,29,36,35],"class_list":{"0":"post-1851","1":"product","2":"type-product","3":"status-publish","4":"has-post-thumbnail","6":"product_cat-ceramika","7":"product_cat-patery","8":"product_cat-pojemniki","9":"product_tag-ceramika","10":"product_tag-mak","11":"product_tag-misa","12":"product_tag-naczynie","13":"product_tag-pojemnik","14":"desktop-align-left","15":"tablet-align-left","16":"mobile-align-left","18":"first","19":"instock","20":"sold-individually","21":"taxable","22":"shipping-taxable","23":"purchasable","24":"product-type-simple"},"jetpack_sharing_enabled":true,"_links":{"self":[{"href":"https:\/\/pasjemojejmamy.pl\/index.php\/wp-json\/wp\/v2\/product\/1851","targetHints":{"allow":["GET"]}}],"collection":[{"href":"https:\/\/pasjemojejmamy.pl\/index.php\/wp-json\/wp\/v2\/product"}],"about":[{"href":"https:\/\/pasjemojejmamy.pl\/index.php\/wp-json\/wp\/v2\/types\/product"}],"replies":[{"embeddable":true,"href":"https:\/\/pasjemojejmamy.pl\/index.php\/wp-json\/wp\/v2\/comments?post=1851"}],"wp:featuredmedia":[{"embeddable":true,"href":"https:\/\/pasjemojejmamy.pl\/index.php\/wp-json\/wp\/v2\/media\/1861"}],"wp:attachment":[{"href":"https:\/\/pasjemojejmamy.pl\/index.php\/wp-json\/wp\/v2\/media?parent=1851"}],"wp:term":[{"taxonomy":"product_brand","embeddable":true,"href":"https:\/\/pasjemojejmamy.pl\/index.php\/wp-json\/wp\/v2\/product_brand?post=1851"},{"taxonomy":"product_cat","embeddable":true,"href":"https:\/\/pasjemojejmamy.pl\/index.php\/wp-json\/wp\/v2\/product_cat?post=1851"},{"taxonomy":"product_tag","embeddable":true,"href":"https:\/\/pasjemojejmamy.pl\/index.php\/wp-json\/wp\/v2\/product_tag?post=1851"}],"curies":[{"name":"wp","href":"https:\/\/api.w.org\/{rel}","templated":true}]}}