{"id":1138,"date":"2022-10-18T18:11:27","date_gmt":"2022-10-18T18:11:27","guid":{"rendered":"http:\/\/psqbauu.cluster026.hosting.ovh.net\/index.php\/produkt\/poster-v1\/"},"modified":"2025-11-12T17:55:20","modified_gmt":"2025-11-12T17:55:20","slug":"poster-v1","status":"publish","type":"product","link":"https:\/\/pasjemojejmamy.pl\/index.php\/produkt\/poster-v1\/","title":{"rendered":"Patera z falban\u0105"},"content":{"rendered":"<p>Ta patera to prawdziwie niezwyk\u0142e dzie\u0142o sztuki ceramicznej. Jej niepowtarzalny kszta\u0142t oraz intensywny kolor turkusowy z przeb\u0142yskami niebieskiego sprawiaj\u0105, \u017ce stanowi nie tylko praktyczne naczynie, ale r\u00f3wnie\u017c wyj\u0105tkow\u0105 dekoracj\u0119.<br \/>\nWykonana zosta\u0142a r\u0119cznie, co nadaje jej osobisty charakter i nieregularno\u015b\u0107, zw\u0142aszcza widoczna jest to w formie falban na brzegu, kt\u00f3re dodaj\u0105 jej delikatno\u015bci i lekko\u015bci. Szkliwienie nadaje jej po\u0142ysk i trwa\u0142o\u015b\u0107, podkre\u015blaj\u0105c jednocze\u015bnie intensywno\u015b\u0107 kolor\u00f3w.<br \/>\nZ wysoko\u015bci\u0105 16 cm i szeroko\u015bci\u0105-d\u0142ugo\u015bci\u0105 oko\u0142o 30 x 33 cm, ta patera doskonale sprawdzi si\u0119 jako elegancki element na stole lub komodzie, dodaj\u0105c wn\u0119trzu \u015bwie\u017co\u015bci i stylu. Niech ta niezwyk\u0142a patera z falbanami przyci\u0105ga uwag\u0119 i dodaje uroku ka\u017cdemu pomieszczeniu.<\/p>\n","protected":false},"excerpt":{"rendered":"<p>Ceramiczne naczynie , dekoracja, w kolorach oceanu. Patera, miska, rze\u017aba.<br \/>\nWylepiana, formowana r\u0119cznie Szkliwiona. Wysoko\u015b\u0107 16 cm szeroko\u015b\u0107-d\u0142ugo\u015b\u010730 x 33 cm.<\/p>\n<p>&nbsp;<\/p>\n","protected":false},"featured_media":1440,"comment_status":"open","ping_status":"closed","template":"","meta":{"site-sidebar-layout":"default","site-content-layout":"default","ast-global-header-display":"","ast-banner-title-visibility":"","ast-main-header-display":"","ast-hfb-above-header-display":"","ast-hfb-below-header-display":"","ast-hfb-mobile-header-display":"","site-post-title":"","ast-breadcrumbs-content":"","ast-featured-img":"","footer-sml-layout":"","theme-transparent-header-meta":"default","adv-header-id-meta":"","stick-header-meta":"","header-above-stick-meta":"","header-main-stick-meta":"","header-below-stick-meta":""},"product_brand":[],"product_cat":[22,23],"product_tag":[28,29,33,31,30,32],"class_list":{"0":"post-1138","1":"product","2":"type-product","3":"status-publish","4":"has-post-thumbnail","6":"product_cat-ceramika","7":"product_cat-patery","8":"product_tag-ceramika","9":"product_tag-misa","10":"product_tag-miska","11":"product_tag-patera","12":"product_tag-rzezba","13":"product_tag-zielona","14":"desktop-align-left","15":"tablet-align-left","16":"mobile-align-left","18":"first","19":"outofstock","20":"sold-individually","21":"taxable","22":"shipping-taxable","23":"product-type-simple"},"jetpack_sharing_enabled":true,"_links":{"self":[{"href":"https:\/\/pasjemojejmamy.pl\/index.php\/wp-json\/wp\/v2\/product\/1138","targetHints":{"allow":["GET"]}}],"collection":[{"href":"https:\/\/pasjemojejmamy.pl\/index.php\/wp-json\/wp\/v2\/product"}],"about":[{"href":"https:\/\/pasjemojejmamy.pl\/index.php\/wp-json\/wp\/v2\/types\/product"}],"replies":[{"embeddable":true,"href":"https:\/\/pasjemojejmamy.pl\/index.php\/wp-json\/wp\/v2\/comments?post=1138"}],"wp:featuredmedia":[{"embeddable":true,"href":"https:\/\/pasjemojejmamy.pl\/index.php\/wp-json\/wp\/v2\/media\/1440"}],"wp:attachment":[{"href":"https:\/\/pasjemojejmamy.pl\/index.php\/wp-json\/wp\/v2\/media?parent=1138"}],"wp:term":[{"taxonomy":"product_brand","embeddable":true,"href":"https:\/\/pasjemojejmamy.pl\/index.php\/wp-json\/wp\/v2\/product_brand?post=1138"},{"taxonomy":"product_cat","embeddable":true,"href":"https:\/\/pasjemojejmamy.pl\/index.php\/wp-json\/wp\/v2\/product_cat?post=1138"},{"taxonomy":"product_tag","embeddable":true,"href":"https:\/\/pasjemojejmamy.pl\/index.php\/wp-json\/wp\/v2\/product_tag?post=1138"}],"curies":[{"name":"wp","href":"https:\/\/api.w.org\/{rel}","templated":true}]}}