{"id":1137,"date":"2022-10-18T18:11:20","date_gmt":"2022-10-18T18:11:20","guid":{"rendered":"http:\/\/psqbauu.cluster026.hosting.ovh.net\/index.php\/produkt\/poster-v2\/"},"modified":"2024-02-21T02:14:37","modified_gmt":"2024-02-21T02:14:37","slug":"poster-v2","status":"publish","type":"product","link":"https:\/\/pasjemojejmamy.pl\/index.php\/produkt\/poster-v2\/","title":{"rendered":"Patera mak"},"content":{"rendered":"<p>Ta ceramiczna patera, talerz lub miska to wyj\u0105tkowa dekoracja, kt\u00f3ra przyniesie do Twojego domu nut\u0119 natury i delikatno\u015bci. Zosta\u0142a wylepiona i formowana r\u0119cznie, co nadaje jej niepowtarzalny charakter i autentyczno\u015b\u0107.<\/p>\n<p>G\u0142\u00f3wnym motywem zdobniczym tego naczynia jest pi\u0119kny kwiat makowy, kt\u00f3ry zosta\u0142 wykonany z dba\u0142o\u015bci\u0105 o najdrobniejsze detale, dodaj\u0105c mu uroku i wyrazisto\u015bci.<\/p>\n<p>Szkliwienie dodaje po\u0142ysku i trwa\u0142o\u015bci, podkre\u015blaj\u0105c pi\u0119kno i elegancj\u0119 tego dzie\u0142a. Z wymiarami 25 x 25 cm i wysoko\u015bci\u0105 oko\u0142o 16 cm, jest to idealny dekoracyjny element na stole lub p\u00f3\u0142ce, dodaj\u0105cy uroku i charakteru Twojemu wn\u0119trzu, przynosz\u0105c rado\u015b\u0107 i inspiracj\u0119 ka\u017cdego dnia.<\/p>\n","protected":false},"excerpt":{"rendered":"<p>Ceramiczne naczynie, dekoracja, w kolorach czerwieni &#8211; kwiat maku. Patera, talerz, miska.<br \/>\nWylepiane, formowane r\u0119cznie Szkliwione. Wymiary 25 x 25 cm, wysoko\u015b\u0107 ok. 16 cm..<\/p>\n","protected":false},"featured_media":1446,"comment_status":"open","ping_status":"closed","template":"","meta":{"site-sidebar-layout":"default","site-content-layout":"default","ast-global-header-display":"","ast-banner-title-visibility":"","ast-main-header-display":"","ast-hfb-above-header-display":"","ast-hfb-below-header-display":"","ast-hfb-mobile-header-display":"","site-post-title":"","ast-breadcrumbs-content":"","ast-featured-img":"","footer-sml-layout":"","theme-transparent-header-meta":"default","adv-header-id-meta":"","stick-header-meta":"","header-above-stick-meta":"","header-main-stick-meta":"","header-below-stick-meta":""},"product_brand":[],"product_cat":[22,23],"product_tag":[28,34,29,36,35],"class_list":{"0":"post-1137","1":"product","2":"type-product","3":"status-publish","4":"has-post-thumbnail","6":"product_cat-ceramika","7":"product_cat-patery","8":"product_tag-ceramika","9":"product_tag-mak","10":"product_tag-misa","11":"product_tag-naczynie","12":"product_tag-pojemnik","13":"desktop-align-left","14":"tablet-align-left","15":"mobile-align-left","17":"first","18":"instock","19":"sold-individually","20":"taxable","21":"shipping-taxable","22":"purchasable","23":"product-type-simple"},"jetpack_sharing_enabled":true,"_links":{"self":[{"href":"https:\/\/pasjemojejmamy.pl\/index.php\/wp-json\/wp\/v2\/product\/1137","targetHints":{"allow":["GET"]}}],"collection":[{"href":"https:\/\/pasjemojejmamy.pl\/index.php\/wp-json\/wp\/v2\/product"}],"about":[{"href":"https:\/\/pasjemojejmamy.pl\/index.php\/wp-json\/wp\/v2\/types\/product"}],"replies":[{"embeddable":true,"href":"https:\/\/pasjemojejmamy.pl\/index.php\/wp-json\/wp\/v2\/comments?post=1137"}],"wp:featuredmedia":[{"embeddable":true,"href":"https:\/\/pasjemojejmamy.pl\/index.php\/wp-json\/wp\/v2\/media\/1446"}],"wp:attachment":[{"href":"https:\/\/pasjemojejmamy.pl\/index.php\/wp-json\/wp\/v2\/media?parent=1137"}],"wp:term":[{"taxonomy":"product_brand","embeddable":true,"href":"https:\/\/pasjemojejmamy.pl\/index.php\/wp-json\/wp\/v2\/product_brand?post=1137"},{"taxonomy":"product_cat","embeddable":true,"href":"https:\/\/pasjemojejmamy.pl\/index.php\/wp-json\/wp\/v2\/product_cat?post=1137"},{"taxonomy":"product_tag","embeddable":true,"href":"https:\/\/pasjemojejmamy.pl\/index.php\/wp-json\/wp\/v2\/product_tag?post=1137"}],"curies":[{"name":"wp","href":"https:\/\/api.w.org\/{rel}","templated":true}]}}