{"id":1136,"date":"2022-10-18T18:11:13","date_gmt":"2022-10-18T18:11:13","guid":{"rendered":"http:\/\/psqbauu.cluster026.hosting.ovh.net\/index.php\/produkt\/poster-v3\/"},"modified":"2024-06-12T20:58:19","modified_gmt":"2024-06-12T20:58:19","slug":"poster-v3","status":"publish","type":"product","link":"https:\/\/pasjemojejmamy.pl\/index.php\/produkt\/poster-v3\/","title":{"rendered":"Patera morska"},"content":{"rendered":"<p>To ceramiczne naczynie to nie tylko praktyczny przedmiot codziennego u\u017cytku, ale r\u00f3wnie\u017c pi\u0119kna dekoracja, kt\u00f3ra przeniesie Ci\u0119 my\u015blami nad brzeg oceanu. Wykonane r\u0119cznie,\u00a0 naczynie emanuje niepowtarzalnym urokiem i indywidualno\u015bci\u0105.<\/p>\n<p>Jego g\u0142\u00f3wn\u0105 ozdob\u0105 jest wielokolorowa falbana, nawi\u0105zuj\u0105ca do dynamicznych fal morskich. Dzi\u0119ki intensywnym odcieniom niebieskiego, turkusu i bieli, naczynie to przypomina morsk\u0105 g\u0142\u0119bi\u0119 i pi\u0119kno oceanu. Szkliwienie nadaje mu dodatkowego po\u0142ysku i trwa\u0142o\u015bci.<\/p>\n<p>Z wymiarami 44 x 35 cm i wysoko\u015bci\u0105 oko\u0142o 11 cm, jest to zar\u00f3wno patera, talerz, rze\u017aba, jak i miska, kt\u00f3ra doskonale sprawdzi si\u0119 jako dekoracyjny element na stole, komodzie czy p\u00f3\u0142ce. Niech ta ceramiczna dekoracja w kolorach oceanu dodaje \u015bwie\u017co\u015bci i spokoju Twojemu wn\u0119trzu, przypominaj\u0105c o urokach natury.<\/p>\n","protected":false},"excerpt":{"rendered":"<p>Ceramiczne naczynie , dekoracja, w kolorach oceanu. Patera, talerz, rze\u017aba, kwiat.<br \/>\nWylepiane, formowane r\u0119cznie Szkliwione. Wymiary 44 x 35 cm, wysoko\u015b\u0107 ok. 11 cm.<\/p>\n","protected":false},"featured_media":1451,"comment_status":"open","ping_status":"closed","template":"","meta":{"site-sidebar-layout":"default","site-content-layout":"default","ast-global-header-display":"","ast-banner-title-visibility":"","ast-main-header-display":"","ast-hfb-above-header-display":"","ast-hfb-below-header-display":"","ast-hfb-mobile-header-display":"","site-post-title":"","ast-breadcrumbs-content":"","ast-featured-img":"","footer-sml-layout":"","theme-transparent-header-meta":"default","adv-header-id-meta":"","stick-header-meta":"","header-above-stick-meta":"","header-main-stick-meta":"","header-below-stick-meta":""},"product_brand":[],"product_cat":[22,23],"product_tag":[28,29,33,36,31,30,32],"class_list":{"0":"post-1136","1":"product","2":"type-product","3":"status-publish","4":"has-post-thumbnail","6":"product_cat-ceramika","7":"product_cat-patery","8":"product_tag-ceramika","9":"product_tag-misa","10":"product_tag-miska","11":"product_tag-naczynie","12":"product_tag-patera","13":"product_tag-rzezba","14":"product_tag-zielona","15":"desktop-align-left","16":"tablet-align-left","17":"mobile-align-left","19":"first","20":"onbackorder","21":"sold-individually","22":"taxable","23":"shipping-taxable","24":"product-type-simple"},"jetpack_sharing_enabled":true,"_links":{"self":[{"href":"https:\/\/pasjemojejmamy.pl\/index.php\/wp-json\/wp\/v2\/product\/1136","targetHints":{"allow":["GET"]}}],"collection":[{"href":"https:\/\/pasjemojejmamy.pl\/index.php\/wp-json\/wp\/v2\/product"}],"about":[{"href":"https:\/\/pasjemojejmamy.pl\/index.php\/wp-json\/wp\/v2\/types\/product"}],"replies":[{"embeddable":true,"href":"https:\/\/pasjemojejmamy.pl\/index.php\/wp-json\/wp\/v2\/comments?post=1136"}],"wp:featuredmedia":[{"embeddable":true,"href":"https:\/\/pasjemojejmamy.pl\/index.php\/wp-json\/wp\/v2\/media\/1451"}],"wp:attachment":[{"href":"https:\/\/pasjemojejmamy.pl\/index.php\/wp-json\/wp\/v2\/media?parent=1136"}],"wp:term":[{"taxonomy":"product_brand","embeddable":true,"href":"https:\/\/pasjemojejmamy.pl\/index.php\/wp-json\/wp\/v2\/product_brand?post=1136"},{"taxonomy":"product_cat","embeddable":true,"href":"https:\/\/pasjemojejmamy.pl\/index.php\/wp-json\/wp\/v2\/product_cat?post=1136"},{"taxonomy":"product_tag","embeddable":true,"href":"https:\/\/pasjemojejmamy.pl\/index.php\/wp-json\/wp\/v2\/product_tag?post=1136"}],"curies":[{"name":"wp","href":"https:\/\/api.w.org\/{rel}","templated":true}]}}