{"id":1135,"date":"2022-10-18T18:10:13","date_gmt":"2022-10-18T18:10:13","guid":{"rendered":"http:\/\/psqbauu.cluster026.hosting.ovh.net\/index.php\/produkt\/poster-v4\/"},"modified":"2024-02-21T02:20:47","modified_gmt":"2024-02-21T02:20:47","slug":"poster-v4","status":"publish","type":"product","link":"https:\/\/pasjemojejmamy.pl\/index.php\/produkt\/poster-v4\/","title":{"rendered":"Patera z liliowym kwiatem"},"content":{"rendered":"<p>Ta patera wrzosowa, wylepiana i formowana r\u0119cznie, jest niezwyk\u0142\u0105 dekoracj\u0105, kt\u00f3ra przyci\u0105gnie uwag\u0119 swoim delikatnym wzornictwem i urokiem.<\/p>\n<p>Wz\u00f3r a\u017curowy i kwiat w odcieniach fioletu i r\u00f3\u017cu dodaj\u0105 paterze wyj\u0105tkowego uroku, nadaj\u0105 jej subtelno\u015bci i elegancji, \u00a0idealnie oddaj\u0105c atmosfer\u0119 wrzosowych ogrod\u00f3w.<\/p>\n<p>\u015arednica talerza wynosi 32 cm, co czyni go idealnym elementem dekoracyjnym na sto\u0142ach, komodach czy p\u00f3\u0142kach.<\/p>\n<p>Ta patera nie tylko ozdobi Twoje wn\u0119trze, ale r\u00f3wnie\u017c wniesie do niego nut\u0119 natury i \u015bwie\u017co\u015bci, przynosz\u0105c rado\u015b\u0107 i harmoni\u0119.<\/p>\n","protected":false},"excerpt":{"rendered":"<p>Ceramiczne naczynie , dekoracja, talerz w kolorach fioletu. Patera, talerz, rze\u017aba, kwiat.<br \/>\nWylepiane, formowane r\u0119cznie Szkliwione. Wymiary 32 x 32 cm, wysoko\u015b\u0107 ok. 4 cm.<\/p>\n","protected":false},"featured_media":1454,"comment_status":"open","ping_status":"closed","template":"","meta":{"site-sidebar-layout":"default","site-content-layout":"default","ast-global-header-display":"","ast-banner-title-visibility":"","ast-main-header-display":"","ast-hfb-above-header-display":"","ast-hfb-below-header-display":"","ast-hfb-mobile-header-display":"","site-post-title":"","ast-breadcrumbs-content":"","ast-featured-img":"","footer-sml-layout":"","theme-transparent-header-meta":"default","adv-header-id-meta":"","stick-header-meta":"","header-above-stick-meta":"","header-main-stick-meta":"","header-below-stick-meta":""},"product_brand":[],"product_cat":[22,23],"product_tag":[],"class_list":{"0":"post-1135","1":"product","2":"type-product","3":"status-publish","4":"has-post-thumbnail","6":"product_cat-ceramika","7":"product_cat-patery","8":"desktop-align-left","9":"tablet-align-left","10":"mobile-align-left","12":"first","13":"instock","14":"sold-individually","15":"taxable","16":"shipping-taxable","17":"purchasable","18":"product-type-simple"},"jetpack_sharing_enabled":true,"_links":{"self":[{"href":"https:\/\/pasjemojejmamy.pl\/index.php\/wp-json\/wp\/v2\/product\/1135","targetHints":{"allow":["GET"]}}],"collection":[{"href":"https:\/\/pasjemojejmamy.pl\/index.php\/wp-json\/wp\/v2\/product"}],"about":[{"href":"https:\/\/pasjemojejmamy.pl\/index.php\/wp-json\/wp\/v2\/types\/product"}],"replies":[{"embeddable":true,"href":"https:\/\/pasjemojejmamy.pl\/index.php\/wp-json\/wp\/v2\/comments?post=1135"}],"wp:featuredmedia":[{"embeddable":true,"href":"https:\/\/pasjemojejmamy.pl\/index.php\/wp-json\/wp\/v2\/media\/1454"}],"wp:attachment":[{"href":"https:\/\/pasjemojejmamy.pl\/index.php\/wp-json\/wp\/v2\/media?parent=1135"}],"wp:term":[{"taxonomy":"product_brand","embeddable":true,"href":"https:\/\/pasjemojejmamy.pl\/index.php\/wp-json\/wp\/v2\/product_brand?post=1135"},{"taxonomy":"product_cat","embeddable":true,"href":"https:\/\/pasjemojejmamy.pl\/index.php\/wp-json\/wp\/v2\/product_cat?post=1135"},{"taxonomy":"product_tag","embeddable":true,"href":"https:\/\/pasjemojejmamy.pl\/index.php\/wp-json\/wp\/v2\/product_tag?post=1135"}],"curies":[{"name":"wp","href":"https:\/\/api.w.org\/{rel}","templated":true}]}}