{"id":1133,"date":"2022-10-18T18:09:58","date_gmt":"2022-10-18T18:09:58","guid":{"rendered":"http:\/\/psqbauu.cluster026.hosting.ovh.net\/index.php\/produkt\/poster-v6\/"},"modified":"2025-11-12T17:59:53","modified_gmt":"2025-11-12T17:59:53","slug":"poster-v6","status":"publish","type":"product","link":"https:\/\/pasjemojejmamy.pl\/index.php\/produkt\/poster-v6\/","title":{"rendered":"G\u0142owa Johny"},"content":{"rendered":"<p>Ceramiczna g\u0142owa &#8222;Johny&#8221; to wyj\u0105tkowa rze\u017aba, kt\u00f3ra przyci\u0105ga uwag\u0119 swoim unikalnym stylem i wyrafinowanym wykonaniem. Ka\u017cdy element tej rze\u017aby zosta\u0142 wylepiony i formowany r\u0119cznie, co nadaje jej niepowtarzalny charakter i osobowo\u015b\u0107.<\/p>\n<p>G\u0142owa &#8222;Johny&#8221; ma wysoko\u015b\u0107 oko\u0142o 28 cm, a podstawa ma wymiary oko\u0142o 16 cm x 23 cm, co sprawia, \u017ce doskonale sprawdzi si\u0119 jako os\u0142onka na doniczk\u0119, pojemnik czy naczynie na w\u0142\u00f3czk\u0119.<\/p>\n<p>Zosta\u0142a szkliwiona szkliwami b\u0142yszcz\u0105cymi i matowymi w kolorach br\u0105zowych, co nadaje jej elegancji i wyrafinowania,\u00a0 stanowi wyj\u0105tkow\u0105 ozdob\u0119 ka\u017cdego wn\u0119trza, tarasu lub ogrodu.<\/p>\n<p>Niech ta ceramiczna g\u0142owa &#8222;Johny&#8221; dodaje Twojemu domowi wyj\u0105tkowego uroku i stylu, podkre\u015blaj\u0105c jednocze\u015bnie Twoj\u0105 wyj\u0105tkow\u0105 estetyk\u0119 i indywidualny gust.<\/p>\n","protected":false},"excerpt":{"rendered":"<p>Ceramiczna g\u0142owa a\u017curowa.<\/p>\n<p>Wylepiana, formowa r\u0119cznie. Szkliwiona szkliwami b\u0142yszcz\u0105cymi i matowymi.<\/p>\n<p>Mo\u017ce stanowi\u0107 os\u0142onk\u0119 na doniczk\u0119, pojemnik, naczynie na w\u0142\u00f3czk\u0119.<\/p>\n<p>Wysoko\u015b\u0107 28 cm, podstawa. 16 cm x 23 cm<\/p>\n","protected":false},"featured_media":1468,"comment_status":"open","ping_status":"closed","template":"","meta":{"site-sidebar-layout":"default","site-content-layout":"default","ast-global-header-display":"","ast-banner-title-visibility":"","ast-main-header-display":"","ast-hfb-above-header-display":"","ast-hfb-below-header-display":"","ast-hfb-mobile-header-display":"","site-post-title":"","ast-breadcrumbs-content":"","ast-featured-img":"","footer-sml-layout":"","theme-transparent-header-meta":"default","adv-header-id-meta":"","stick-header-meta":"","header-above-stick-meta":"","header-main-stick-meta":"","header-below-stick-meta":""},"product_brand":[],"product_cat":[22,26],"product_tag":[28,39,35,30],"class_list":{"0":"post-1133","1":"product","2":"type-product","3":"status-publish","4":"has-post-thumbnail","6":"product_cat-ceramika","7":"product_cat-rzezby","8":"product_tag-ceramika","9":"product_tag-donica","10":"product_tag-pojemnik","11":"product_tag-rzezba","12":"desktop-align-left","13":"tablet-align-left","14":"mobile-align-left","16":"first","17":"instock","18":"sold-individually","19":"taxable","20":"shipping-taxable","21":"purchasable","22":"product-type-simple"},"jetpack_sharing_enabled":true,"_links":{"self":[{"href":"https:\/\/pasjemojejmamy.pl\/index.php\/wp-json\/wp\/v2\/product\/1133","targetHints":{"allow":["GET"]}}],"collection":[{"href":"https:\/\/pasjemojejmamy.pl\/index.php\/wp-json\/wp\/v2\/product"}],"about":[{"href":"https:\/\/pasjemojejmamy.pl\/index.php\/wp-json\/wp\/v2\/types\/product"}],"replies":[{"embeddable":true,"href":"https:\/\/pasjemojejmamy.pl\/index.php\/wp-json\/wp\/v2\/comments?post=1133"}],"wp:featuredmedia":[{"embeddable":true,"href":"https:\/\/pasjemojejmamy.pl\/index.php\/wp-json\/wp\/v2\/media\/1468"}],"wp:attachment":[{"href":"https:\/\/pasjemojejmamy.pl\/index.php\/wp-json\/wp\/v2\/media?parent=1133"}],"wp:term":[{"taxonomy":"product_brand","embeddable":true,"href":"https:\/\/pasjemojejmamy.pl\/index.php\/wp-json\/wp\/v2\/product_brand?post=1133"},{"taxonomy":"product_cat","embeddable":true,"href":"https:\/\/pasjemojejmamy.pl\/index.php\/wp-json\/wp\/v2\/product_cat?post=1133"},{"taxonomy":"product_tag","embeddable":true,"href":"https:\/\/pasjemojejmamy.pl\/index.php\/wp-json\/wp\/v2\/product_tag?post=1133"}],"curies":[{"name":"wp","href":"https:\/\/api.w.org\/{rel}","templated":true}]}}