{"id":1132,"date":"2022-10-18T18:08:06","date_gmt":"2022-10-18T18:08:06","guid":{"rendered":"http:\/\/psqbauu.cluster026.hosting.ovh.net\/index.php\/produkt\/postcard-v1\/"},"modified":"2025-11-12T17:46:17","modified_gmt":"2025-11-12T17:46:17","slug":"postcard-v1","status":"publish","type":"product","link":"https:\/\/pasjemojejmamy.pl\/index.php\/produkt\/postcard-v1\/","title":{"rendered":"Kapelusz ceramiczny"},"content":{"rendered":"<p>Ten ceramiczny kapelusz w kolorze czarnym z t\u0119czowym otokiem to wyj\u0105tkowa rze\u017aba, kt\u00f3ra mo\u017ce s\u0142u\u017cy\u0107 jako dekoracja ogrodowa lub przykrycie pojemnika w kszta\u0142cie g\u0142owy &#8222;Johny&#8221;, nadaj\u0105c mu wyj\u0105tkowego charakteru i stylu.<br \/>\nKapelusz ma kszta\u0142t fedora i naturaln\u0105 wielko\u015b\u0107 typowego kapelusza, co nadaje mu autentyczny wygl\u0105d i wyrafinowanie. Jego czarna barwa dodaje mu elegancji, podczas gdy t\u0119czowy otok nadaje mu weso\u0142o\u015bci i koloru.<br \/>\nNiech ten ceramiczny kapelusz dodaje Twojemu otoczeniu uroku i charakteru, podkre\u015blaj\u0105c jednocze\u015bnie Twoj\u0105 wyj\u0105tkow\u0105 estetyk\u0119 i indywidualny gust.<\/p>\n","protected":false},"excerpt":{"rendered":"<p>Kapelusz ceramiczny &#8211; wielko\u015b\u0107 naturalna wysoko\u015b\u0107 13 cm, podstawa 28 cm x 24 cm.<\/p>\n","protected":false},"featured_media":1467,"comment_status":"open","ping_status":"closed","template":"","meta":{"site-sidebar-layout":"default","site-content-layout":"default","ast-global-header-display":"","ast-banner-title-visibility":"","ast-main-header-display":"","ast-hfb-above-header-display":"","ast-hfb-below-header-display":"","ast-hfb-mobile-header-display":"","site-post-title":"","ast-breadcrumbs-content":"","ast-featured-img":"","footer-sml-layout":"","theme-transparent-header-meta":"default","adv-header-id-meta":"","stick-header-meta":"","header-above-stick-meta":"","header-main-stick-meta":"","header-below-stick-meta":""},"product_brand":[],"product_cat":[22,26],"product_tag":[28,40,35,30],"class_list":{"0":"post-1132","1":"product","2":"type-product","3":"status-publish","4":"has-post-thumbnail","6":"product_cat-ceramika","7":"product_cat-rzezby","8":"product_tag-ceramika","9":"product_tag-kapelusz","10":"product_tag-pojemnik","11":"product_tag-rzezba","12":"desktop-align-left","13":"tablet-align-left","14":"mobile-align-left","16":"first","17":"outofstock","18":"sold-individually","19":"taxable","20":"shipping-taxable","21":"product-type-simple"},"jetpack_sharing_enabled":true,"_links":{"self":[{"href":"https:\/\/pasjemojejmamy.pl\/index.php\/wp-json\/wp\/v2\/product\/1132","targetHints":{"allow":["GET"]}}],"collection":[{"href":"https:\/\/pasjemojejmamy.pl\/index.php\/wp-json\/wp\/v2\/product"}],"about":[{"href":"https:\/\/pasjemojejmamy.pl\/index.php\/wp-json\/wp\/v2\/types\/product"}],"replies":[{"embeddable":true,"href":"https:\/\/pasjemojejmamy.pl\/index.php\/wp-json\/wp\/v2\/comments?post=1132"}],"wp:featuredmedia":[{"embeddable":true,"href":"https:\/\/pasjemojejmamy.pl\/index.php\/wp-json\/wp\/v2\/media\/1467"}],"wp:attachment":[{"href":"https:\/\/pasjemojejmamy.pl\/index.php\/wp-json\/wp\/v2\/media?parent=1132"}],"wp:term":[{"taxonomy":"product_brand","embeddable":true,"href":"https:\/\/pasjemojejmamy.pl\/index.php\/wp-json\/wp\/v2\/product_brand?post=1132"},{"taxonomy":"product_cat","embeddable":true,"href":"https:\/\/pasjemojejmamy.pl\/index.php\/wp-json\/wp\/v2\/product_cat?post=1132"},{"taxonomy":"product_tag","embeddable":true,"href":"https:\/\/pasjemojejmamy.pl\/index.php\/wp-json\/wp\/v2\/product_tag?post=1132"}],"curies":[{"name":"wp","href":"https:\/\/api.w.org\/{rel}","templated":true}]}}