{"id":1130,"date":"2022-10-18T18:07:11","date_gmt":"2022-10-18T18:07:11","guid":{"rendered":"http:\/\/psqbauu.cluster026.hosting.ovh.net\/index.php\/produkt\/postcard-v3\/"},"modified":"2024-02-21T02:39:33","modified_gmt":"2024-02-21T02:39:33","slug":"postcard-v3","status":"publish","type":"product","link":"https:\/\/pasjemojejmamy.pl\/index.php\/produkt\/postcard-v3\/","title":{"rendered":"Rze\u017aba &#8211; &#8222;Kobieta 1&#8221;"},"content":{"rendered":"<p class=\"\\&quot;ProductDescription-attributeHeader\\&quot;\">To ceramiczne popiersie kobiety to wyj\u0105tkowa rze\u017aba, kt\u00f3ra nadaje Twojemu ogrodowi lub wn\u0119trzu wyj\u0105tkowego uroku i elegancji. Wylepiane i formowane r\u0119cznie, posiada niepowtarzalny charakter i osobowo\u015b\u0107.<br \/>\nRze\u017aba zosta\u0142a szkliwiona w naturalnych kolorach, co nadaje jej autentyczny wygl\u0105d i harmonijnie komponuje si\u0119 z otoczeniem. Jej wymiary, 41 cm x 23 cm x 18 cm, sprawiaj\u0105, \u017ce doskonale sprawdzi si\u0119 zar\u00f3wno jako dekoracja ogrodowa, jak i elegancki element wystroju wn\u0119trza, na przyk\u0142ad na komodzie czy p\u00f3\u0142ce.<br \/>\nNiech to ceramiczne popiersie kobiety dodaje Twojemu otoczeniu subtelno\u015bci i wdzi\u0119ku, przyci\u0105gaj\u0105c wzrok i inspiruj\u0105c do refleksji nad pi\u0119knem natury i ludzkiej postaci.<\/p>\n","protected":false},"excerpt":{"rendered":"<p>Ceramiczna rze\u017aba, dekoracja, w kolorach naturalnych.<br \/>\nWylepiane, formowane r\u0119cznie Szkliwione. Wymiary 41 cm x 23 cm x 18 cm<\/p>\n","protected":false},"featured_media":1478,"comment_status":"open","ping_status":"closed","template":"","meta":{"site-sidebar-layout":"default","site-content-layout":"default","ast-global-header-display":"","ast-banner-title-visibility":"","ast-main-header-display":"","ast-hfb-above-header-display":"","ast-hfb-below-header-display":"","ast-hfb-mobile-header-display":"","site-post-title":"","ast-breadcrumbs-content":"","ast-featured-img":"","footer-sml-layout":"","theme-transparent-header-meta":"default","adv-header-id-meta":"","stick-header-meta":"","header-above-stick-meta":"","header-main-stick-meta":"","header-below-stick-meta":""},"product_brand":[],"product_cat":[22,26],"product_tag":[],"class_list":{"0":"post-1130","1":"product","2":"type-product","3":"status-publish","4":"has-post-thumbnail","6":"product_cat-ceramika","7":"product_cat-rzezby","8":"desktop-align-left","9":"tablet-align-left","10":"mobile-align-left","12":"first","13":"instock","14":"sold-individually","15":"taxable","16":"shipping-taxable","17":"purchasable","18":"product-type-simple"},"jetpack_sharing_enabled":true,"_links":{"self":[{"href":"https:\/\/pasjemojejmamy.pl\/index.php\/wp-json\/wp\/v2\/product\/1130","targetHints":{"allow":["GET"]}}],"collection":[{"href":"https:\/\/pasjemojejmamy.pl\/index.php\/wp-json\/wp\/v2\/product"}],"about":[{"href":"https:\/\/pasjemojejmamy.pl\/index.php\/wp-json\/wp\/v2\/types\/product"}],"replies":[{"embeddable":true,"href":"https:\/\/pasjemojejmamy.pl\/index.php\/wp-json\/wp\/v2\/comments?post=1130"}],"wp:featuredmedia":[{"embeddable":true,"href":"https:\/\/pasjemojejmamy.pl\/index.php\/wp-json\/wp\/v2\/media\/1478"}],"wp:attachment":[{"href":"https:\/\/pasjemojejmamy.pl\/index.php\/wp-json\/wp\/v2\/media?parent=1130"}],"wp:term":[{"taxonomy":"product_brand","embeddable":true,"href":"https:\/\/pasjemojejmamy.pl\/index.php\/wp-json\/wp\/v2\/product_brand?post=1130"},{"taxonomy":"product_cat","embeddable":true,"href":"https:\/\/pasjemojejmamy.pl\/index.php\/wp-json\/wp\/v2\/product_cat?post=1130"},{"taxonomy":"product_tag","embeddable":true,"href":"https:\/\/pasjemojejmamy.pl\/index.php\/wp-json\/wp\/v2\/product_tag?post=1130"}],"curies":[{"name":"wp","href":"https:\/\/api.w.org\/{rel}","templated":true}]}}