{"id":1129,"date":"2022-10-18T18:06:19","date_gmt":"2022-10-18T18:06:19","guid":{"rendered":"http:\/\/psqbauu.cluster026.hosting.ovh.net\/index.php\/produkt\/postcard-v4\/"},"modified":"2023-08-08T00:07:34","modified_gmt":"2023-08-08T00:07:34","slug":"postcard-v4","status":"publish","type":"product","link":"https:\/\/pasjemojejmamy.pl\/index.php\/produkt\/postcard-v4\/","title":{"rendered":"Rze\u017aba ceramiczna &#8211; &#8222;Karczmarka&#8221;"},"content":{"rendered":"<p class=\"\\&quot;ProductDescription-attributeHeader\\&quot;\">Figurka ceramiczna. Wylepiana, formowa r\u0119cznie. Szkliwiona szkliwami b\u0142yszcz\u0105cymi i matowymi.<\/p>\n<p>Wysoko\u015b\u0107 34 cm\u00a0\u00a0\u00a0\u00a0\u00a0\u00a0 szeroko\u015b\u0107-d\u0142ug. 25 x 15 cm<\/p>\n","protected":false},"excerpt":{"rendered":"<p>Figurka ceramiczna. Wylepiana, formowa r\u0119cznie. Szkliwiona szkliwami b\u0142yszcz\u0105cymi i matowymi.<\/p>\n<p>Wysoko\u015b\u0107 34 cm\u00a0\u00a0\u00a0\u00a0\u00a0\u00a0 szeroko\u015b\u0107-d\u0142ug. 25 x 15 cm<\/p>\n","protected":false},"featured_media":1482,"comment_status":"open","ping_status":"closed","template":"","meta":{"site-sidebar-layout":"default","site-content-layout":"default","ast-global-header-display":"","ast-banner-title-visibility":"","ast-main-header-display":"","ast-hfb-above-header-display":"","ast-hfb-below-header-display":"","ast-hfb-mobile-header-display":"","site-post-title":"","ast-breadcrumbs-content":"","ast-featured-img":"","footer-sml-layout":"","theme-transparent-header-meta":"default","adv-header-id-meta":"","stick-header-meta":"","header-above-stick-meta":"","header-main-stick-meta":"","header-below-stick-meta":""},"product_brand":[],"product_cat":[22,26],"product_tag":[],"class_list":{"0":"post-1129","1":"product","2":"type-product","3":"status-publish","4":"has-post-thumbnail","6":"product_cat-ceramika","7":"product_cat-rzezby","8":"desktop-align-left","9":"tablet-align-left","10":"mobile-align-left","12":"first","13":"onbackorder","14":"taxable","15":"shipping-taxable","16":"product-type-simple"},"jetpack_sharing_enabled":true,"_links":{"self":[{"href":"https:\/\/pasjemojejmamy.pl\/index.php\/wp-json\/wp\/v2\/product\/1129","targetHints":{"allow":["GET"]}}],"collection":[{"href":"https:\/\/pasjemojejmamy.pl\/index.php\/wp-json\/wp\/v2\/product"}],"about":[{"href":"https:\/\/pasjemojejmamy.pl\/index.php\/wp-json\/wp\/v2\/types\/product"}],"replies":[{"embeddable":true,"href":"https:\/\/pasjemojejmamy.pl\/index.php\/wp-json\/wp\/v2\/comments?post=1129"}],"wp:featuredmedia":[{"embeddable":true,"href":"https:\/\/pasjemojejmamy.pl\/index.php\/wp-json\/wp\/v2\/media\/1482"}],"wp:attachment":[{"href":"https:\/\/pasjemojejmamy.pl\/index.php\/wp-json\/wp\/v2\/media?parent=1129"}],"wp:term":[{"taxonomy":"product_brand","embeddable":true,"href":"https:\/\/pasjemojejmamy.pl\/index.php\/wp-json\/wp\/v2\/product_brand?post=1129"},{"taxonomy":"product_cat","embeddable":true,"href":"https:\/\/pasjemojejmamy.pl\/index.php\/wp-json\/wp\/v2\/product_cat?post=1129"},{"taxonomy":"product_tag","embeddable":true,"href":"https:\/\/pasjemojejmamy.pl\/index.php\/wp-json\/wp\/v2\/product_tag?post=1129"}],"curies":[{"name":"wp","href":"https:\/\/api.w.org\/{rel}","templated":true}]}}