{"id":252,"date":"2021-08-18T05:35:45","date_gmt":"2021-08-18T05:35:45","guid":{"rendered":"http:\/\/psqbauu.cluster026.hosting.ovh.net\/index.php\/about\/"},"modified":"2024-01-22T10:46:59","modified_gmt":"2024-01-22T10:46:59","slug":"o-mnie","status":"publish","type":"page","link":"https:\/\/pasjemojejmamy.pl\/index.php\/o-mnie\/","title":{"rendered":"O mnie"},"content":{"rendered":"\t\t<div data-elementor-type=\"wp-page\" data-elementor-id=\"252\" class=\"elementor elementor-252\">\n\t\t\t\t\t\t<section class=\"elementor-section elementor-top-section elementor-element elementor-element-38765c5b elementor-section-height-full elementor-section-boxed elementor-section-height-default elementor-section-items-middle\" data-id=\"38765c5b\" data-element_type=\"section\">\n\t\t\t\t\t\t<div class=\"elementor-container elementor-column-gap-narrow\">\n\t\t\t\t\t<div class=\"elementor-column elementor-col-50 elementor-top-column elementor-element elementor-element-6a82d977\" data-id=\"6a82d977\" data-element_type=\"column\" data-settings=\"{&quot;background_background&quot;:&quot;slideshow&quot;,&quot;background_slideshow_gallery&quot;:[],&quot;background_slideshow_loop&quot;:&quot;yes&quot;,&quot;background_slideshow_slide_duration&quot;:5000,&quot;background_slideshow_slide_transition&quot;:&quot;fade&quot;,&quot;background_slideshow_transition_duration&quot;:500}\">\n\t\t\t<div class=\"elementor-widget-wrap elementor-element-populated\">\n\t\t\t\t\t\t<div class=\"elementor-element elementor-element-1eb674a4 elementor-widget__width-initial elementor-widget elementor-widget-image\" data-id=\"1eb674a4\" data-element_type=\"widget\" data-settings=\"{&quot;_animation&quot;:&quot;none&quot;}\" data-widget_type=\"image.default\">\n\t\t\t\t<div class=\"elementor-widget-container\">\n\t\t\t\t\t\t\t\t\t\t\t\t\t\t\t<img fetchpriority=\"high\" decoding=\"async\" width=\"642\" height=\"857\" src=\"https:\/\/pasjemojejmamy.pl\/wp-content\/uploads\/2024\/01\/iwona1.jpg\" class=\"attachment-full size-full wp-image-1709\" alt=\"\" srcset=\"https:\/\/pasjemojejmamy.pl\/wp-content\/uploads\/2024\/01\/iwona1.jpg 642w, https:\/\/pasjemojejmamy.pl\/wp-content\/uploads\/2024\/01\/iwona1-225x300.jpg 225w, https:\/\/pasjemojejmamy.pl\/wp-content\/uploads\/2024\/01\/iwona1-600x801.jpg 600w\" sizes=\"(max-width: 642px) 100vw, 642px\" \/>\t\t\t\t\t\t\t\t\t\t\t\t\t\t\t<\/div>\n\t\t\t\t<\/div>\n\t\t\t\t\t<\/div>\n\t\t<\/div>\n\t\t\t\t<div class=\"elementor-column elementor-col-50 elementor-top-column elementor-element elementor-element-3d440c4\" data-id=\"3d440c4\" data-element_type=\"column\">\n\t\t\t<div class=\"elementor-widget-wrap elementor-element-populated\">\n\t\t\t\t\t\t<div class=\"elementor-element elementor-element-2b7ed6cc elementor-widget elementor-widget-heading\" data-id=\"2b7ed6cc\" data-element_type=\"widget\" data-widget_type=\"heading.default\">\n\t\t\t\t<div class=\"elementor-widget-container\">\n\t\t\t\t\t<h2 class=\"elementor-heading-title elementor-size-default\">Tworzenie to moja pasja.<\/h2>\t\t\t\t<\/div>\n\t\t\t\t<\/div>\n\t\t\t\t<div class=\"elementor-element elementor-element-23bc2676 elementor-widget__width-initial elementor-widget elementor-widget-text-editor\" data-id=\"23bc2676\" data-element_type=\"widget\" data-widget_type=\"text-editor.default\">\n\t\t\t\t<div class=\"elementor-widget-container\">\n\t\t\t\t\t\t\t\t\t<p>Odk\u0105d pami\u0119tam zawsze co\u015b rysowa\u0142am, malowa\u0142am skleja\u0142am. Inspiracj\u0105 bywa natura z ca\u0142ym przepychem kszta\u0142t\u00f3w i barw. Pasjonuj\u0105 mnie r\u00f3\u017cne techniki r\u0119kodzielnicze: ceramika, filcowanie, decoupage, tworzenie bi\u017cuterii, r\u00f3wnie\u017c tradycyjnymi technikami.<\/p><div><p>Moje dzie\u0142a to nie tylko efekt artystycznej ekspresji, ale tak\u017ce fascynacja procesem tw\u00f3rczym. Pasja to podr\u00f3\u017c nie cel, proces zdobywania do\u015bwiadcze\u0144 i czerpania rado\u015bci z samego dzia\u0142ania. W trakcie podr\u00f3\u017cy artystycznej mo\u017cna do\u015bwiadcza\u0107 rozwoju osobistego, odkrywania nowych umiej\u0119tno\u015bci, a tak\u017ce zrozumienia siebie i \u015bwiata wok\u00f3\u0142 siebie w nowy spos\u00f3b.<br \/>Kreowanie nowych kszta\u0142t\u00f3w, zabawa kolorem i faktur\u0105,\u00a0 odkrywanie przedmiot\u00f3w na nowo to dla mnie nieko\u0144cz\u0105ca si\u0119 przygoda.<\/p><p>Zapraszam Ci\u0119 do odkrywania wsp\u00f3lnie ze mn\u0105 pi\u0119kna sztuki, gdzie ka\u017cdy kszta\u0142t i kolor s\u0105 wyj\u0105tkowym \u015bwiadectwem mojej pasji.<\/p><\/div>\t\t\t\t\t\t\t\t<\/div>\n\t\t\t\t<\/div>\n\t\t\t\t\t<\/div>\n\t\t<\/div>\n\t\t\t\t\t<\/div>\n\t\t<\/section>\n\t\t\t\t<\/div>\n\t\t","protected":false},"excerpt":{"rendered":"<p>Tworzenie to moja pasja. Odk\u0105d pami\u0119tam zawsze co\u015b rysowa\u0142am, malowa\u0142am skleja\u0142am. Inspiracj\u0105 bywa natura z ca\u0142ym przepychem kszta\u0142t\u00f3w i barw. Pasjonuj\u0105 mnie r\u00f3\u017cne techniki r\u0119kodzielnicze: ceramika, filcowanie, decoupage, tworzenie bi\u017cuterii, r\u00f3wnie\u017c tradycyjnymi technikami. Moje dzie\u0142a to nie tylko efekt artystycznej ekspresji, ale tak\u017ce fascynacja procesem tw\u00f3rczym. Pasja to podr\u00f3\u017c nie cel, proces zdobywania do\u015bwiadcze\u0144 i &hellip;<\/p>\n<p class=\"read-more\"> <a class=\"\" href=\"https:\/\/pasjemojejmamy.pl\/index.php\/o-mnie\/\"> <span class=\"screen-reader-text\">O mnie<\/span> Read More &raquo;<\/a><\/p>\n","protected":false},"author":1,"featured_media":0,"parent":0,"menu_order":0,"comment_status":"closed","ping_status":"closed","template":"","meta":{"site-sidebar-layout":"no-sidebar","site-content-layout":"page-builder","ast-global-header-display":"","ast-banner-title-visibility":"","ast-main-header-display":"","ast-hfb-above-header-display":"","ast-hfb-below-header-display":"","ast-hfb-mobile-header-display":"","site-post-title":"disabled","ast-breadcrumbs-content":"disabled","ast-featured-img":"disabled","footer-sml-layout":"","theme-transparent-header-meta":"enabled","adv-header-id-meta":"","stick-header-meta":"","header-above-stick-meta":"","header-main-stick-meta":"","header-below-stick-meta":"","footnotes":""},"class_list":["post-252","page","type-page","status-publish","hentry"],"jetpack_sharing_enabled":true,"_links":{"self":[{"href":"https:\/\/pasjemojejmamy.pl\/index.php\/wp-json\/wp\/v2\/pages\/252","targetHints":{"allow":["GET"]}}],"collection":[{"href":"https:\/\/pasjemojejmamy.pl\/index.php\/wp-json\/wp\/v2\/pages"}],"about":[{"href":"https:\/\/pasjemojejmamy.pl\/index.php\/wp-json\/wp\/v2\/types\/page"}],"author":[{"embeddable":true,"href":"https:\/\/pasjemojejmamy.pl\/index.php\/wp-json\/wp\/v2\/users\/1"}],"replies":[{"embeddable":true,"href":"https:\/\/pasjemojejmamy.pl\/index.php\/wp-json\/wp\/v2\/comments?post=252"}],"version-history":[{"count":53,"href":"https:\/\/pasjemojejmamy.pl\/index.php\/wp-json\/wp\/v2\/pages\/252\/revisions"}],"predecessor-version":[{"id":1787,"href":"https:\/\/pasjemojejmamy.pl\/index.php\/wp-json\/wp\/v2\/pages\/252\/revisions\/1787"}],"wp:attachment":[{"href":"https:\/\/pasjemojejmamy.pl\/index.php\/wp-json\/wp\/v2\/media?parent=252"}],"curies":[{"name":"wp","href":"https:\/\/api.w.org\/{rel}","templated":true}]}}