{"id":1584,"date":"2023-08-29T10:10:26","date_gmt":"2023-08-29T10:10:26","guid":{"rendered":"http:\/\/pasjemojejmamy.pl\/?page_id=1584"},"modified":"2023-11-23T10:24:42","modified_gmt":"2023-11-23T10:24:42","slug":"regulamin","status":"publish","type":"page","link":"https:\/\/pasjemojejmamy.pl\/index.php\/regulamin\/","title":{"rendered":"Regulamin"},"content":{"rendered":"<p>Przed rozpocz\u0119ciem korzystania ze sklepu internetowego pasjemojejmamy.pl Klienci zobowi\u0105zani s\u0105 zapozna\u0107 si\u0119 z regulaminem serwisu.<\/p><h2 class=\"wp-block-heading\">\u00a7 1 POSTANOWIENIA OG\u00d3LNE<\/h2><ol class=\"wp-block-list\"><li>Sklep www.pasjemojejmamy.pl dzia\u0142a na zasadach okre\u015blonych w niniejszym Regulaminie.<\/li>\n\n<li>Regulamin okre\u015bla zasady nabywania prac za&nbsp; po\u015brednictwem serwisu, post\u0119powania reklamacyjnego.<\/li>\n\n<li>W sprawach nieuregulowanych w niniejszym Regulaminie maj\u0105 zastosowanie przepisy:<ol><li>Ustawy o \u015bwiadczeniu us\u0142ug drog\u0105 elektroniczn\u0105 z dnia 18 lipca 2002 r. (Dz. U. Nr 144, poz. 1204 ze zm.),<\/li><\/ol><ol><li>Ustawy o prawach konsumenta z dnia 30 maja 2014 r. (Dz. U. 2014 poz. 827),<\/li><\/ol><ol><li>Ustawy&nbsp;o pozas\u0105dowym rozwi\u0105zywaniu spor\u00f3w konsumenckich&nbsp;z dnia 23 wrze\u015bnia 2016 r. (Dz.U. 2016 poz. 1823),<\/li><\/ol><ol class=\"wp-block-list\"><li>Ustawy Kodeks cywilny z dnia 23 kwietnia 1964 r. (Dz. U. Nr 16, poz. 93 ze zm.) oraz inne w\u0142a\u015bciwe przepisy prawa polskiego.<\/li><\/ol><\/li><\/ol><h2 class=\"wp-block-heading\">\u00a7 2 DEFINICJE ZAWARTE W REGULAMINIE<\/h2><p><strong>FORMULARZ KONTAKTOWY<\/strong>&nbsp;\u2013 formularz dost\u0119pny na stronie internetowej www.pasjemojejmamy.pl umo\u017cliwiaj\u0105cy wys\u0142anie wiadomo\u015bci do Us\u0142ugodawcy.<\/p><p><strong>FORMULARZ&nbsp;REJESTRACJI<\/strong>&nbsp;\u2013 formularz dost\u0119pny na stronie internetowej www.pasjemojejmamy.pl umo\u017cliwiaj\u0105cy utworzenie Konta.<\/p><p><strong>FORMULARZ&nbsp;ZAM\u00d3WIENIA<\/strong>&nbsp;\u2013 formularz dost\u0119pny na stronie internetowej www.pasjemojejmamy.pl umo\u017cliwiaj\u0105cy z\u0142o\u017cenie Zam\u00f3wienia.<\/p><p><strong>KLIENT<\/strong>&nbsp;\u2013 Us\u0142ugobiorca, kt\u00f3ry zamierza zawrze\u0107 lub zawar\u0142 Umow\u0119 Sprzeda\u017cy ze Sprzedawc\u0105.<\/p><p><strong>KONSUMENT<\/strong>&nbsp;\u2013 osoba fizyczna, kt\u00f3ra dokonuje z przedsi\u0119biorc\u0105 czynno\u015bci prawnej niezwi\u0105zanej bezpo\u015brednio z jej dzia\u0142alno\u015bci\u0105 gospodarcz\u0105 lub zawodow\u0105.<\/p><p><strong>KONTO&nbsp;<\/strong>\u2013 oznaczony indywidualn\u0105 nazw\u0105 (loginem) oraz has\u0142em, zbi\u00f3r zasob\u00f3w w systemie teleinformatycznym Us\u0142ugodawcy, w kt\u00f3rym gromadzone s\u0105 dane Us\u0142ugobiorcy w tym informacje o z\u0142o\u017conych Zam\u00f3wieniach.<\/p><p><strong>PRODUKT<\/strong>&nbsp;\u2013 dost\u0119pna w Sklepie rzecz ruchoma o indywidualnym charakterze(r\u0119kodzie\u0142o) b\u0119d\u0105ca przedmiotem Umowy Sprzeda\u017cy mi\u0119dzy Klientem a Sprzedawc\u0105.<\/p><p><strong>REGULAMIN<\/strong>&nbsp;\u2013 niniejszy regulamin Sklepu.<\/p><p><strong>SKLEP&nbsp;<\/strong>\u2013 Sklep internetowy dzia\u0142aj\u0105cy pod adresem www.pasjemojejmamy.pl.<\/p><p><strong>SPRZEDAWCA,&nbsp;US\u0141UGODAWCA<\/strong>&nbsp;\u2013 Iwona Owsianka&nbsp;wykonuj\u0105ca dzia\u0142alno\u015b\u0107 gospodarcz\u0105 pod firm\u0105 OMI IWONA MA\u0141GORZATA OWSIANKA, miejsce wykonywania dzia\u0142alno\u015bci oraz adres do dor\u0119cze\u0144:<br>ul.&nbsp;Sikorskiego 10\/35 , 97-200 Tomasz\u00f3w Maz., NIP:7731155979, &nbsp;adres poczty elektronicznej:&nbsp; pasjemojejmamy@gmail.com.<\/p><p><strong>SYSTEM OPINII<\/strong> \u2013&nbsp;Us\u0142uga Elektroniczna udost\u0119pniona Klientom przez Us\u0142ugodawc\u0119, umo\u017cliwiaj\u0105ca zamieszczanie opinii dotycz\u0105cych Produkt\u00f3w.<\/p><p><strong>UMOWA&nbsp;SPRZEDA\u017bY<\/strong>&nbsp;\u2013 Umowa Sprzeda\u017cy Produktu zawarta mi\u0119dzy Klientem, a Sprzedawc\u0105 za po\u015brednictwem Sklepu.<\/p><p><strong>US\u0141UGA&nbsp;ELEKTRONICZNA<\/strong>&nbsp;\u2013 us\u0142uga \u015bwiadczona drog\u0105 elektroniczn\u0105 przez Us\u0142ugodawc\u0119 na rzecz Us\u0142ugobiorcy za po\u015brednictwem Sklepu.<\/p><p><strong>US\u0141UGOBIORCA<\/strong>&nbsp;\u2013 osoba fizyczna, osoba prawna albo jednostka organizacyjna nieposiadaj\u0105ca osobowo\u015bci prawnej, kt\u00f3rej ustawa przyznaje zdolno\u015b\u0107 prawn\u0105 korzystaj\u0105ca z Us\u0142ugi Elektronicznej.<\/p><p><strong>ZAM\u00d3WIENIE<\/strong>&nbsp;\u2013 o\u015bwiadczenie woli Klienta stanowi\u0105ce ofert\u0119 zawarcia Umowy Sprzeda\u017cy Produktu ze Sprzedawc\u0105.<\/p><h2 class=\"wp-block-heading\">\u00a7 3 INFORMACJE DOTYCZ\u0104CE PRODUKT\u00d3W ORAZ ICH ZAMAWIANIA<\/h2><ol class=\"wp-block-list\"><li>Sklep www.pasjemojejmamy.pl prowadzi sprzeda\u017c detaliczn\u0105 Produkt\u00f3w za po\u015brednictwem sieci Internet.<\/li>\n\n<li>Informacje znajduj\u0105ce si\u0119 na stronach internetowych Sklepu nie stanowi\u0105 oferty w rozumieniu przepis\u00f3w prawa. Klient, sk\u0142adaj\u0105c Zam\u00f3wienie, sk\u0142ada ofert\u0119 kupna okre\u015blonego Produktu na warunkach podanych w jego opisie.<\/li>\n\n<li>Cena Produktu uwidoczniona na stronie internetowej Sklepu podana jest w z\u0142otych polskich (PLN) nie zawiera podatku VAT (sprzedawca podmiotowo i przedmiotowo zwolniony z podatku VAT). Cena nie zawiera koszt\u00f3w dostawy.<\/li>\n\n<li>Zam\u00f3wienia mo\u017cna sk\u0142ada\u0107 poprzez witryn\u0119 internetow\u0105 za pomoc\u0105 Formularza Zam\u00f3wie\u0144 (Sklep www.pasjemojejmamy.pl) \u2013 24 godziny na dob\u0119 przez ca\u0142y rok.<\/li>\n\n<li>Warunkiem z\u0142o\u017cenia Zam\u00f3wienia w Sklepie przez Klienta jest zapoznanie si\u0119 z Regulaminem i akceptacja jego postanowie\u0144 w czasie sk\u0142adania Zam\u00f3wienia.<\/li><\/ol><h2 class=\"wp-block-heading\">\u00a7 4 ZAWARCIE UMOWY SPRZEDA\u017bY<\/h2><ol class=\"wp-block-list\"><li>Do zawarcia Umowy Sprzeda\u017cy, niezb\u0119dne jest wcze\u015bniejsze z\u0142o\u017cenie przez Klienta Zam\u00f3wienia.<\/li>\n\n<li>Po z\u0142o\u017ceniu Zam\u00f3wienia Sprzedawca niezw\u0142ocznie potwierdza jego otrzymanie poprzez przes\u0142anie wiadomo\u015bci e-mail.<\/li>\n\n<li>Z chwil\u0105 otrzymania przez Klienta wiadomo\u015bci e-mail, zostaje zawarta Umowa Sprzeda\u017cy mi\u0119dzy Klientem, a Sprzedawc\u0105.<\/li>\n\n<li>Potwierdzenie przyj\u0119cia Zam\u00f3wienia do realizacji nast\u0119puje niezw\u0142ocznie po otrzymaniu zap\u0142aty z tytu\u0142u zawartej Umowy Sprzeda\u017cy, w postaci wiadomo\u015bci e-mail przesy\u0142anej na adres Klienta.<\/li>\n\n<li>Ka\u017cda Umowa Sprzeda\u017cy b\u0119dzie potwierdzana dowodem zakupu, kt\u00f3ry b\u0119dzie do\u0142\u0105czany do Produktu.<\/li><\/ol><h2 class=\"wp-block-heading\">\u00a7 5 SPOSOBY P\u0141ATNO\u015aCI<\/h2><ol class=\"wp-block-list\"><li>Sprzedawca udost\u0119pnia nast\u0119puj\u0105ce sposoby p\u0142atno\u015bci:<ol><li>p\u0142atno\u015b\u0107 za po\u015brednictwem elektronicznych serwis\u00f3w p\u0142atno\u015bci (Przelewy24.pl, PayPal, PayU.pl, DotPay.pl, TPay.pl),<\/li><\/ol><ol class=\"wp-block-list\"><li>p\u0142atno\u015b\u0107 przelewem tradycyjnym na rachunek bankowy Sprzedawcy,<\/li><\/ol><\/li>\n\n<li>W przypadku p\u0142atno\u015bci przelewem tradycyjnym, wp\u0142aty nale\u017cy dokona\u0107 na rachunek bankowy numer:&nbsp;40 1240 5804 1111 0011 0958 7818&nbsp;(Bank PKO SA)&nbsp;OMI IWONA MA\u0141GORZATA OWSIANKA,&nbsp; ul.&nbsp;Sikorskiego 10\/35 , 97-200 Tomasz\u00f3w Maz., NIP:7731155979. W tytule przelewu nale\u017cy wpisa\u0107 \u201eZam\u00f3wienie nr \u2026\u201d.<\/li>\n\n<li>W przypadku p\u0142atno\u015bci za po\u015brednictwem elektronicznych serwis\u00f3w p\u0142atno\u015bci Klient dokonuje zap\u0142aty przed rozpocz\u0119ciem realizacji Zam\u00f3wienia. Elektroniczne serwisy p\u0142atno\u015bci umo\u017cliwiaj\u0105 dokonanie p\u0142atno\u015bci za pomoc\u0105 karty kredytowej lub szybkiego przelewu z wybranych polskich bank\u00f3w.<\/li>\n\n<li>Klient zobowi\u0105zany jest do dokonania zap\u0142aty ceny z tytu\u0142u Umowy Sprzeda\u017cy w terminie 7 dni roboczych od dnia jej zawarcia, chyba \u017ce Umowa Sprzeda\u017cy stanowi inaczej.<\/li><\/ol><h2 class=\"wp-block-heading\">\u00a7 6 KOSZT, TERMIN I SPOSOBY DOSTAWY PRODUKTU<\/h2><ol class=\"wp-block-list\"><li>Koszty dostawy Produktu s\u0105 ustalane w trakcie procesu sk\u0142adania Zam\u00f3wienia i s\u0105 uzale\u017cnione od wyboru sposobu p\u0142atno\u015bci oraz sposobu dostawy zakupionego Produktu.<\/li>\n\n<li>Produkt zostanie wys\u0142any dopiero po jego op\u0142aceniu w ci\u0105gu 2-3 dni.<\/li>\n\n<li>Zakupione w Sklepie Produkty mo\u017cna tak\u017ce odebra\u0107 osobi\u015bcie.<\/li><\/ol><h2 class=\"wp-block-heading\">\u00a7 7 REKLAMACJA PRODUKTU<\/h2><ol class=\"wp-block-list\"><li>Reklamacja z tytu\u0142u gwarancji.<ol><li>Sprzedawca odpowiedzialny jest wobec Klienta z tytu\u0142u gwarancji udzielonej na okres 12 miesi\u0119cy.<\/li><\/ol><ol class=\"wp-block-list\"><li>Dokumentem uprawniaj\u0105cym do skorzystania z gwarancji jest dow\u00f3d sprzeda\u017cy (faktura).<\/li><\/ol><\/li>\n\n<li>Reklamacja z tutu\u0142u r\u0119kojmi. Podstawa i zakres odpowiedzialno\u015bci Sprzedawcy wobec Klienta b\u0119d\u0105cego Konsumentem lub podmiotem, o kt\u00f3rym mowa w \u00a710 Regulaminu, z tytu\u0142u r\u0119kojmi obejmuj\u0105cej wady fizyczne i prawne, s\u0105 okre\u015blone w ustawie Kodeks cywilny z dnia 23 kwietnia 1964 r. (Dz. U. nr 16, poz. 93 ze zm.).<\/li>\n\n<li>Zawiadomienia o wadach dotycz\u0105cych Produktu oraz zg\u0142oszenie odpowiedniego \u017c\u0105dania mo\u017cna dokona\u0107 za po\u015brednictwem poczty elektronicznej na adres:&nbsp;pasjemojejmamy@gmail.com&nbsp;lub pisemnie na adres:&nbsp;OMI IWONA MA\u0141GORZATA OWSIANKA, ul.&nbsp;Sikorskiego 10\/35 , 97-200 Tomasz\u00f3w Maz., NIP:7731155979 .<\/li>\n\n<li>W powy\u017cszej wiadomo\u015bci w formie pisemnej lub elektronicznej nale\u017cy poda\u0107 jak najwi\u0119cej informacji i okoliczno\u015bci dotycz\u0105cych przedmiotu reklamacji, w szczeg\u00f3lno\u015bci rodzaj i dat\u0119 wyst\u0105pienia nieprawid\u0142owo\u015bci oraz dane kontaktowe.<\/li>\n\n<li>Sprzedawca ustosunkuje si\u0119 do \u017c\u0105dania Klienta niezw\u0142ocznie, nie p\u00f3\u017aniej ni\u017c w terminie 14 dni od momentu zg\u0142oszenia reklamacji. Odpowied\u017a na reklamacj\u0119 jest przekazywana na papierze lub innym trwa\u0142ym no\u015bniku.<\/li><\/ol><h2 class=\"wp-block-heading\">\u00a7 8 PRAWO ODST\u0104PIENIA OD UMOWY<\/h2><ol class=\"wp-block-list\"><li>Klient, kt\u00f3ry zawar\u0142 umow\u0119 na odleg\u0142o\u015b\u0107, mo\u017ce od niej odst\u0105pi\u0107 bez podania przyczyn, sk\u0142adaj\u0105c stosowne o\u015bwiadczenie w terminie 14 dni. Do zachowania tego terminu wystarczy wys\u0142anie udost\u0119pnionego przez Sklep o\u015bwiadczenia o odst\u0105pieniu od umowy.<\/li>\n\n<li>W razie odst\u0105pienia od umowy, Umowa Sprzeda\u017cy jest uwa\u017cana za niezawart\u0105, a Konsument ma obowi\u0105zek zwr\u00f3ci\u0107 Produkt Sprzedawcy lub przekaza\u0107 go osobie upowa\u017cnionej przez Sprzedawc\u0119 do odbioru niezw\u0142ocznie, jednak nie p\u00f3\u017aniej ni\u017c 14 dni od dnia, w kt\u00f3rym odst\u0105pi\u0142 od umowy, chyba \u017ce Sprzedawca zaproponowa\u0142, \u017ce sam odbierze Produkt. Do zachowania terminu wystarczy odes\u0142anie Produktu przed jego up\u0142ywem.<\/li>\n\n<li>W przypadku odst\u0105pienia od Umowy Sprzeda\u017cy nale\u017cy dokona\u0107 zwrotu Produktu na adres:&nbsp;ul.&nbsp;Sikorskiego 10\/35 , 97-200 Tomasz\u00f3w Maz.<\/li>\n\n<li>Je\u017celi Konsument wybra\u0142 spos\u00f3b dostawy Produktu inny ni\u017c najta\u0144szy zwyk\u0142y spos\u00f3b dostarczenia oferowany przez Sklep, Sprzedawca nie jest zobowi\u0105zany do zwrotu poniesionych dodatkowych koszt\u00f3w.<\/li>\n\n<li>Termin czternastodniowy, w kt\u00f3rym Konsument mo\u017ce odst\u0105pi\u0107 od umowy, liczy si\u0119 od dnia, w kt\u00f3rym Konsument obj\u0105\u0142 Produkt w posiadanie.<\/li>\n\n<li>Prawo odst\u0105pienia od Umowy Sprzeda\u017cy przys\u0142uguje zar\u00f3wno Sprzedawcy, jak i Klientowi, w przypadku niewykonania przez drug\u0105 stron\u0119 umowy swojego zobowi\u0105zania w terminie \u015bci\u015ble okre\u015blonym.<\/li><\/ol><h2 class=\"wp-block-heading\">\u00a7 9 RODZAJ I ZAKRES US\u0141UG ELEKTRONICZNYCH<\/h2><ol class=\"wp-block-list\"><li>Us\u0142ugodawca umo\u017cliwia za po\u015brednictwem Sklepu korzystanie z Us\u0142ug Elektronicznych takich jak:<ol><li>zawieranie Um\u00f3w Sprzeda\u017cy Produktu,<\/li><\/ol><ol><li>prowadzenie Konta w Sklepie,<\/li><\/ol><ol class=\"wp-block-list\"><li>System Opinii.<\/li><\/ol><\/li>\n\n<li>\u015awiadczenie Us\u0142ug Elektronicznych na rzecz Us\u0142ugobiorc\u00f3w w Sklepie odbywa si\u0119 na warunkach okre\u015blonych w Regulaminie.<\/li>\n\n<li>Us\u0142ugodawca ma prawo do zamieszczania na stronie internetowej Sklepu tre\u015bci reklamowych. Tre\u015bci te, stanowi\u0105 integraln\u0105 cz\u0119\u015b\u0107 Sklepu i prezentowanych w nim materia\u0142\u00f3w.<\/li><\/ol><h2 class=\"wp-block-heading\">\u00a7 10 W\u0141ASNO\u015a\u0106 INTELEKTUALNA<\/h2><ol class=\"wp-block-list\"><li>Wszystkie tre\u015bci zamieszczone na stronie internetowej pod adresem www.pasjemojejmamy.pl korzystaj\u0105 z ochrony prawnoautorskiej i&nbsp;s\u0105 w\u0142asno\u015bci\u0105 Iwony Owsianki, prowadz\u0105cej dzia\u0142alno\u015b\u0107 pod firm\u0105: OMI IWONA MA\u0141GORZATA OWSIANKA, ul.&nbsp;Sikorskiego 10\/35 , 97-200 Tomasz\u00f3w Maz., NIP:7731155979.<\/li>\n\n<li>Jakiekolwiek wykorzystanie przez kogokolwiek, bez wyra\u017anej pisemnej zgody Us\u0142ugodawcy, kt\u00f3regokolwiek z element\u00f3w sk\u0142adaj\u0105cych si\u0119 na tre\u015b\u0107 oraz zawarto\u015b\u0107 strony www.pasjemojejmamy.pl stanowi naruszenie prawa autorskiego przys\u0142uguj\u0105cego Us\u0142ugodawcy i skutkuje odpowiedzialno\u015bci\u0105 cywilnoprawn\u0105 oraz karn\u0105.<\/li>\n\n<li>Wszystkie nazwy handlowe, nazwy Produkt\u00f3w, nazwy firm i ich logo u\u017cyte na stronie internetowej Sklepu pod adresem www.pasjemojejmamy.pl nale\u017c\u0105 do ich w\u0142a\u015bcicieli i s\u0105 u\u017cywane wy\u0142\u0105cznie w celach identyfikacyjnych. Mog\u0105 by\u0107 one zastrze\u017conymi znakami towarowymi. Wszystkie materia\u0142y, opisy i zdj\u0119cia prezentowane na stronie internetowej Sklepu u\u017cyte s\u0105 w celach informacyjnych.<\/li><\/ol><h2 class=\"wp-block-heading\">\u00a7 11 POSTANOWIENIA KO\u0143COWE<\/h2><ol class=\"wp-block-list\"><li>Umowy zawierane poprzez Sklep zawierane s\u0105 zgodnie z prawem polskim.<\/li>\n\n<li>W przypadku niezgodno\u015bci jakiejkolwiek cz\u0119\u015bci Regulaminu z obowi\u0105zuj\u0105cym prawem, w miejsce zakwestionowanego przepisu Regulaminu zastosowanie maj\u0105 w\u0142a\u015bciwe przepisy prawa polskiego.<\/li>\n\n<li>Wszelkie spory wynik\u0142e z Um\u00f3w Sprzeda\u017cy mi\u0119dzy Sklepem, a Konsumentami b\u0119d\u0105 rozstrzygane w pierwszej kolejno\u015bci na drodze negocjacji, z intencj\u0105 polubownego zako\u0144czenia sporu, z uwzgl\u0119dnieniem ustawy&nbsp;o pozas\u0105dowym rozwi\u0105zywaniu spor\u00f3w konsumenckich.&nbsp;Je\u015bli jednak nie by\u0142oby to mo\u017cliwe, lub te\u017c by\u0142oby niesatysfakcjonuj\u0105ce dla kt\u00f3rejkolwiek ze stron, spory b\u0119d\u0105 rozstrzygane przez w\u0142a\u015bciwy s\u0105d powszechny.<\/li><\/ol>","protected":false},"excerpt":{"rendered":"<p>Przed rozpocz\u0119ciem korzystania ze sklepu internetowego pasjemojejmamy.pl Klienci zobowi\u0105zani s\u0105 zapozna\u0107 si\u0119 z regulaminem serwisu. \u00a7 1 POSTANOWIENIA OG\u00d3LNE \u00a7 2 DEFINICJE ZAWARTE W REGULAMINIE FORMULARZ KONTAKTOWY&nbsp;\u2013 formularz dost\u0119pny na stronie internetowej www.pasjemojejmamy.pl umo\u017cliwiaj\u0105cy wys\u0142anie wiadomo\u015bci do Us\u0142ugodawcy. FORMULARZ&nbsp;REJESTRACJI&nbsp;\u2013 formularz dost\u0119pny na stronie internetowej www.pasjemojejmamy.pl umo\u017cliwiaj\u0105cy utworzenie Konta. FORMULARZ&nbsp;ZAM\u00d3WIENIA&nbsp;\u2013 formularz dost\u0119pny na stronie internetowej www.pasjemojejmamy.pl &hellip;<\/p>\n<p class=\"read-more\"> <a class=\"\" href=\"https:\/\/pasjemojejmamy.pl\/index.php\/regulamin\/\"> <span class=\"screen-reader-text\">Regulamin<\/span> Read More &raquo;<\/a><\/p>\n","protected":false},"author":1,"featured_media":0,"parent":0,"menu_order":0,"comment_status":"closed","ping_status":"closed","template":"","meta":{"site-sidebar-layout":"no-sidebar","site-content-layout":"page-builder","ast-global-header-display":"","ast-banner-title-visibility":"","ast-main-header-display":"","ast-hfb-above-header-display":"","ast-hfb-below-header-display":"","ast-hfb-mobile-header-display":"","site-post-title":"disabled","ast-breadcrumbs-content":"","ast-featured-img":"disabled","footer-sml-layout":"","theme-transparent-header-meta":"","adv-header-id-meta":"","stick-header-meta":"","header-above-stick-meta":"","header-main-stick-meta":"","header-below-stick-meta":"","footnotes":""},"class_list":["post-1584","page","type-page","status-publish","hentry"],"jetpack_sharing_enabled":true,"_links":{"self":[{"href":"https:\/\/pasjemojejmamy.pl\/index.php\/wp-json\/wp\/v2\/pages\/1584","targetHints":{"allow":["GET"]}}],"collection":[{"href":"https:\/\/pasjemojejmamy.pl\/index.php\/wp-json\/wp\/v2\/pages"}],"about":[{"href":"https:\/\/pasjemojejmamy.pl\/index.php\/wp-json\/wp\/v2\/types\/page"}],"author":[{"embeddable":true,"href":"https:\/\/pasjemojejmamy.pl\/index.php\/wp-json\/wp\/v2\/users\/1"}],"replies":[{"embeddable":true,"href":"https:\/\/pasjemojejmamy.pl\/index.php\/wp-json\/wp\/v2\/comments?post=1584"}],"version-history":[{"count":4,"href":"https:\/\/pasjemojejmamy.pl\/index.php\/wp-json\/wp\/v2\/pages\/1584\/revisions"}],"predecessor-version":[{"id":1699,"href":"https:\/\/pasjemojejmamy.pl\/index.php\/wp-json\/wp\/v2\/pages\/1584\/revisions\/1699"}],"wp:attachment":[{"href":"https:\/\/pasjemojejmamy.pl\/index.php\/wp-json\/wp\/v2\/media?parent=1584"}],"curies":[{"name":"wp","href":"https:\/\/api.w.org\/{rel}","templated":true}]}}